{"id":33,"date":"2024-01-14T13:49:31","date_gmt":"2024-01-14T19:49:31","guid":{"rendered":"https:\/\/demo.cocobasic.com\/pekko-wp\/?page_id=33"},"modified":"2024-02-08T23:06:23","modified_gmt":"2024-02-09T05:06:23","slug":"decano","status":"publish","type":"page","link":"https:\/\/henryarriaga.com\/","title":{"rendered":"Decano"},"content":{"rendered":"\t\t<div data-elementor-type=\"wp-page\" data-elementor-id=\"33\" class=\"elementor elementor-33\">\n\t\t\t\t\t\t<section class=\"elementor-section elementor-top-section elementor-element elementor-element-c15d3f9 elementor-section-full_width elementor-section-height-default elementor-section-height-default\" data-id=\"c15d3f9\" data-element_type=\"section\">\n\t\t\t\t\t\t<div class=\"elementor-container elementor-column-gap-no\">\n\t\t\t\t\t<div class=\"elementor-column elementor-col-100 elementor-top-column elementor-element elementor-element-939a0b3\" data-id=\"939a0b3\" data-element_type=\"column\">\n\t\t\t<div class=\"elementor-widget-wrap elementor-element-populated\">\n\t\t\t\t\t\t<div class=\"elementor-element elementor-element-4d7b9a3 elementor-widget elementor-widget-image\" data-id=\"4d7b9a3\" data-element_type=\"widget\" data-widget_type=\"image.default\">\n\t\t\t\t<div class=\"elementor-widget-container\">\n\t\t\t\t\t\t\t\t\t\t\t\t\t\t\t<img fetchpriority=\"high\" decoding=\"async\" width=\"1024\" height=\"1025\" src=\"https:\/\/henryarriaga.com\/wp-content\/uploads\/2024\/01\/Decano-Henry-Arriaga-Faculdad-de-Derecho-USAC.jpg\" class=\"attachment-full size-full wp-image-1904\" alt=\"\" srcset=\"https:\/\/henryarriaga.com\/wp-content\/uploads\/2024\/01\/Decano-Henry-Arriaga-Faculdad-de-Derecho-USAC.jpg 1024w, https:\/\/henryarriaga.com\/wp-content\/uploads\/2024\/01\/Decano-Henry-Arriaga-Faculdad-de-Derecho-USAC-300x300.jpg 300w, https:\/\/henryarriaga.com\/wp-content\/uploads\/2024\/01\/Decano-Henry-Arriaga-Faculdad-de-Derecho-USAC-150x150.jpg 150w, https:\/\/henryarriaga.com\/wp-content\/uploads\/2024\/01\/Decano-Henry-Arriaga-Faculdad-de-Derecho-USAC-768x769.jpg 768w\" sizes=\"(max-width: 1024px) 100vw, 1024px\" \/>\t\t\t\t\t\t\t\t\t\t\t\t\t\t\t<\/div>\n\t\t\t\t<\/div>\n\t\t\t\t\t<\/div>\n\t\t<\/div>\n\t\t\t\t\t<\/div>\n\t\t<\/section>\n\t\t<div class=\"elementor-element elementor-element-9df0034 e-con-full e-flex e-con e-parent\" data-id=\"9df0034\" data-element_type=\"container\">\n\t\t\t\t<div class=\"elementor-element elementor-element-baab674 elementor-widget elementor-widget-image\" data-id=\"baab674\" data-element_type=\"widget\" data-widget_type=\"image.default\">\n\t\t\t\t<div class=\"elementor-widget-container\">\n\t\t\t\t\t\t\t\t\t\t\t\t\t\t\t<img decoding=\"async\" width=\"1024\" height=\"423\" src=\"https:\/\/henryarriaga.com\/wp-content\/uploads\/2024\/02\/head-henry-arriaga.png\" class=\"attachment-full size-full wp-image-1942\" alt=\"\" srcset=\"https:\/\/henryarriaga.com\/wp-content\/uploads\/2024\/02\/head-henry-arriaga.png 1024w, https:\/\/henryarriaga.com\/wp-content\/uploads\/2024\/02\/head-henry-arriaga-300x124.png 300w, https:\/\/henryarriaga.com\/wp-content\/uploads\/2024\/02\/head-henry-arriaga-768x317.png 768w\" sizes=\"(max-width: 1024px) 100vw, 1024px\" \/>\t\t\t\t\t\t\t\t\t\t\t\t\t\t\t<\/div>\n\t\t\t\t<\/div>\n\t\t\t\t<\/div>\n\t\t\t\t<section class=\"elementor-section elementor-top-section elementor-element elementor-element-4c3851f elementor-section-full_width elementor-section-height-default elementor-section-height-default\" data-id=\"4c3851f\" data-element_type=\"section\">\n\t\t\t\t\t\t<div class=\"elementor-container elementor-column-gap-no\">\n\t\t\t\t\t<div class=\"elementor-column elementor-col-50 elementor-top-column elementor-element elementor-element-1da4cf3\" data-id=\"1da4cf3\" data-element_type=\"column\">\n\t\t\t<div class=\"elementor-widget-wrap elementor-element-populated\">\n\t\t\t\t\t\t<div class=\"elementor-element elementor-element-de1e2a7 elementor-widget elementor-widget-coco-timeline\" data-id=\"de1e2a7\" data-element_type=\"widget\" data-widget_type=\"coco-timeline.default\">\n\t\t\t\t<div class=\"elementor-widget-container\">\n\t\t\t\t\t<ul class=\"timeline-holder\">\n    \n                <li class=\"timeline-event\">\n                    <span class=\"timeline-circle\"><\/span>\n                    <div class=\"timeline-event-content\">Por su rendimiento acad\u00e9mico, fue Auxiliar de C\u00e1tedra en los cursos de Derecho Administrativo I y II en la Facultad de Ciencias Jur\u00eddicas y Sociales de la Universidad de San Carlos de Guatemala.<\/div>\n                    <div class=\"timeline-event-date\">2001<\/div>\n                <\/li>          \n            \n                <li class=\"timeline-event\">\n                    <span class=\"timeline-circle\"><\/span>\n                    <div class=\"timeline-event-content\">Es Profesor Titular por oposici\u00f3n en la Facultad de Ciencias Jur\u00eddicas y Sociales de la Universidad de San Carlos de Guatemala, de los Cursos de Derecho Administrativo I y II y Derecho Procesal Administrativo a la fecha.<\/div>\n                    <div class=\"timeline-event-date\">2002<\/div>\n                <\/li>          \n            \n                <li class=\"timeline-event\">\n                    <span class=\"timeline-circle\"><\/span>\n                    <div class=\"timeline-event-content\">En el \u00e1mbito laboral, posee una amplia experiencia en el ejercicio de la profesi\u00f3n en puestos tales como Coordinador de Cooperaci\u00f3n Nacional en la Rector\u00eda de la Universidad de San Carlos de Guatemala del a\u00f1o 2006 al 2016.<\/div>\n                    <div class=\"timeline-event-date\">2006<\/div>\n                <\/li>          \n            \n                <li class=\"timeline-event\">\n                    <span class=\"timeline-circle\"><\/span>\n                    <div class=\"timeline-event-content\">En su experiencia de participaci\u00f3n pol\u00edtica universitaria, fue representante electo por los Profesores Titulares de la Facultad de Ciencias Jur\u00eddicas y Sociales ante el Consejo Superior Universitario de la Universidad de San Carlos de Guatemala, del a\u00f1o 2010 al 2013.<\/div>\n                    <div class=\"timeline-event-date\">2010<\/div>\n                <\/li>          \n            \n                <li class=\"timeline-event\">\n                    <span class=\"timeline-circle\"><\/span>\n                    <div class=\"timeline-event-content\">Asimismo, fue cofundador y Coordinador del Programa de Educaci\u00f3n Continua a trav\u00e9s de la Rector\u00eda del 2014 al 2016.<\/div>\n                    <div class=\"timeline-event-date\">2014<\/div>\n                <\/li>          \n            \n                <li class=\"timeline-event\">\n                    <span class=\"timeline-circle\"><\/span>\n                    <div class=\"timeline-event-content\">Fue electo por los Profesores Titulares de la Facultad de Ciencias Jur\u00eddicas y Sociales de la Universidad de San Carlos de Guatemala como Vocal II, para representarlos ante la Junta Directiva de la Facultad, cargo que ocupa actualmente.<\/div>\n                    <div class=\"timeline-event-date\">2017<\/div>\n                <\/li>          \n            \n                <li class=\"timeline-event\">\n                    <span class=\"timeline-circle\"><\/span>\n                    <div class=\"timeline-event-content\">En el a\u00f1o 2021 fue electo Decano de la Facultad de Ciencias Jur\u00eddicas y Sociales para el per\u00edodo 2021-2025<\/div>\n                    <div class=\"timeline-event-date\">2021<\/div>\n                <\/li>          \n             \n<\/ul>\n\n\t\t\t\t<\/div>\n\t\t\t\t<\/div>\n\t\t\t\t\t<\/div>\n\t\t<\/div>\n\t\t\t\t<div class=\"elementor-column elementor-col-50 elementor-top-column elementor-element elementor-element-ad72d3a\" data-id=\"ad72d3a\" data-element_type=\"column\">\n\t\t\t<div class=\"elementor-widget-wrap elementor-element-populated\">\n\t\t\t\t\t\t<div class=\"elementor-element elementor-element-2d639ca elementor-widget elementor-widget-text-editor\" data-id=\"2d639ca\" data-element_type=\"widget\" data-widget_type=\"text-editor.default\">\n\t\t\t\t<div class=\"elementor-widget-container\">\n\t\t\t\t\t\t\t\t\t<p>Es Licenciado en Ciencias Jur\u00eddicas y Sociales, Abogado y Notario por la Universidad de San Carlos de Guatemala, con Maestr\u00eda en Derecho Constitucional y pensum cerrado del Doctorado en Derecho Constitucional, ambos de la Escuela de Estudios de Postgrado de la misma casa de estudios.<\/p>\t\t\t\t\t\t\t\t<\/div>\n\t\t\t\t<\/div>\n\t\t\t\t<div class=\"elementor-element elementor-element-aca0e6d elementor-widget elementor-widget-text-editor\" data-id=\"aca0e6d\" data-element_type=\"widget\" data-widget_type=\"text-editor.default\">\n\t\t\t\t<div class=\"elementor-widget-container\">\n\t\t\t\t\t\t\t\t\t<p>Fue Secretario Ejecutivo de la Conferencia Nacional de Derechos Humanos del Proyecto Asociativo Regional, apoyo a la educaci\u00f3n, capacitaci\u00f3n e investigaci\u00f3n en Derechos Humanos para Centroam\u00e9rica de la Universidad de San Carlos de Guatemala, la Universidad Rafael Land\u00edvar y la Asociaci\u00f3n de Investigaciones Econ\u00f3micas y Sociales -ASIES-, con el apoyo del Gobierno de Finlandia y el PNUD.<\/p><p>Ha sido Asesor Jur\u00eddico en diversas instituciones como la Junta Directiva del Instituto Guatemalteco de Seguridad Social; Junta Directiva del Colegio de Abogados y Notarios de Guatemala; Consejo de la Ense\u00f1anza Privada Superior; Instituto de Derechos Humanos de la Universidad de San Carlos de Guatemala y el Instituto de Investigaciones Jur\u00eddicas de la Universidad Rafael Land\u00edvar.<\/p><p>Fue jefe del Departamento de Procedimientos y Log\u00edstica Electoral del Tribunal Supremo Electoral.<\/p><p>En el \u00e1rea acad\u00e9mica, fue cofundador y Coordinador del Programa de Cursos Libres de Derecho en la Facultad de Ciencias Jur\u00eddicas y Sociales, que posteriormente fue desarrollado desde la rector\u00eda como Programa de Cursos Libres Universitarios, llevando este programa a Quetzaltenango, San Marcos, Huehuetenango, Suchitep\u00e9quez, Escuintla, Chimaltenango, Chiquimula y Alta Verapaz, atendiendo a mas de 30,000 personas en cada programa.<\/p><p>Dentro de sus funciones como Decano es Presidente del Centro de Estudios Urbanos y Regionales -CEUR-, miembro del Consejo Directivo de la Escuela de Ciencia Pol\u00edtica de la Universidad de San Carlos de Guatemala.<\/p>\t\t\t\t\t\t\t\t<\/div>\n\t\t\t\t<\/div>\n\t\t\t\t\t<\/div>\n\t\t<\/div>\n\t\t\t\t\t<\/div>\n\t\t<\/section>\n\t\t<div class=\"elementor-element elementor-element-51e0d54 e-con-full e-flex e-con e-parent\" data-id=\"51e0d54\" data-element_type=\"container\">\n\t\t<div class=\"elementor-element elementor-element-ac7fd94 e-con-full e-flex e-con e-child\" data-id=\"ac7fd94\" data-element_type=\"container\">\n\t\t\t\t<div class=\"elementor-element elementor-element-582b65f elementor-widget-divider--view-line elementor-widget elementor-widget-divider\" data-id=\"582b65f\" data-element_type=\"widget\" data-widget_type=\"divider.default\">\n\t\t\t\t<div class=\"elementor-widget-container\">\n\t\t\t\t\t\t\t<div class=\"elementor-divider\">\n\t\t\t<span class=\"elementor-divider-separator\">\n\t\t\t\t\t\t<\/span>\n\t\t<\/div>\n\t\t\t\t\t\t<\/div>\n\t\t\t\t<\/div>\n\t\t\t\t<\/div>\n\t\t\t\t<div class=\"elementor-element elementor-element-9d90e00 elementor-widget elementor-widget-image\" data-id=\"9d90e00\" data-element_type=\"widget\" data-widget_type=\"image.default\">\n\t\t\t\t<div class=\"elementor-widget-container\">\n\t\t\t\t\t\t\t\t\t\t\t\t\t\t\t<img decoding=\"async\" width=\"500\" height=\"49\" src=\"https:\/\/henryarriaga.com\/wp-content\/uploads\/2024\/01\/redes.png\" class=\"attachment-full size-full wp-image-1862\" alt=\"\" srcset=\"https:\/\/henryarriaga.com\/wp-content\/uploads\/2024\/01\/redes.png 500w, https:\/\/henryarriaga.com\/wp-content\/uploads\/2024\/01\/redes-300x29.png 300w\" sizes=\"(max-width: 500px) 100vw, 500px\" \/>\t\t\t\t\t\t\t\t\t\t\t\t\t\t\t<\/div>\n\t\t\t\t<\/div>\n\t\t\t\t<div class=\"elementor-element elementor-element-815e2cc elementor-shape-rounded elementor-grid-0 e-grid-align-center elementor-widget elementor-widget-social-icons\" data-id=\"815e2cc\" data-element_type=\"widget\" data-widget_type=\"social-icons.default\">\n\t\t\t\t<div class=\"elementor-widget-container\">\n\t\t\t\t\t\t\t<div class=\"elementor-social-icons-wrapper elementor-grid\" role=\"list\">\n\t\t\t\t\t\t\t<span class=\"elementor-grid-item\" role=\"listitem\">\n\t\t\t\t\t<a class=\"elementor-icon elementor-social-icon elementor-social-icon-facebook elementor-repeater-item-2d5c57f\" href=\"https:\/\/www.facebook.com\/HenryArriagaOficial\" target=\"_blank\">\n\t\t\t\t\t\t<span class=\"elementor-screen-only\">Facebook<\/span>\n\t\t\t\t\t\t<i class=\"fab fa-facebook\"><\/i>\t\t\t\t\t<\/a>\n\t\t\t\t<\/span>\n\t\t\t\t\t\t\t<span class=\"elementor-grid-item\" role=\"listitem\">\n\t\t\t\t\t<a class=\"elementor-icon elementor-social-icon elementor-social-icon-tiktok elementor-repeater-item-dfb292e\" href=\"https:\/\/www.tiktok.com\/@henryarriagaoficial\" target=\"_blank\">\n\t\t\t\t\t\t<span class=\"elementor-screen-only\">Tiktok<\/span>\n\t\t\t\t\t\t<i class=\"fab fa-tiktok\"><\/i>\t\t\t\t\t<\/a>\n\t\t\t\t<\/span>\n\t\t\t\t\t\t\t<span class=\"elementor-grid-item\" role=\"listitem\">\n\t\t\t\t\t<a class=\"elementor-icon elementor-social-icon elementor-social-icon-instagram elementor-repeater-item-e070aca\" href=\"https:\/\/www.instagram.com\/henryarriagaoficial\/\" target=\"_blank\">\n\t\t\t\t\t\t<span class=\"elementor-screen-only\">Instagram<\/span>\n\t\t\t\t\t\t<i class=\"fab fa-instagram\"><\/i>\t\t\t\t\t<\/a>\n\t\t\t\t<\/span>\n\t\t\t\t\t<\/div>\n\t\t\t\t\t\t<\/div>\n\t\t\t\t<\/div>\n\t\t\t\t<\/div>\n\t\t<div class=\"elementor-element elementor-element-383adaa e-con-full e-flex e-con e-parent\" data-id=\"383adaa\" data-element_type=\"container\">\n\t\t\t\t<div class=\"elementor-element elementor-element-ccfd0c1 elementor-widget elementor-widget-image\" data-id=\"ccfd0c1\" data-element_type=\"widget\" data-widget_type=\"image.default\">\n\t\t\t\t<div class=\"elementor-widget-container\">\n\t\t\t\t\t\t\t\t\t\t\t\t\t\t\t<img loading=\"lazy\" decoding=\"async\" width=\"600\" height=\"74\" src=\"https:\/\/henryarriaga.com\/wp-content\/uploads\/2024\/01\/adelante-derecho.png\" class=\"attachment-full size-full wp-image-1922\" alt=\"\" srcset=\"https:\/\/henryarriaga.com\/wp-content\/uploads\/2024\/01\/adelante-derecho.png 600w, https:\/\/henryarriaga.com\/wp-content\/uploads\/2024\/01\/adelante-derecho-300x37.png 300w\" sizes=\"(max-width: 600px) 100vw, 600px\" \/>\t\t\t\t\t\t\t\t\t\t\t\t\t\t\t<\/div>\n\t\t\t\t<\/div>\n\t\t\t\t<\/div>\n\t\t\t\t<\/div>\n\t\t","protected":false},"excerpt":{"rendered":"<p>Por su rendimiento acad\u00e9mico, fue Auxiliar de C\u00e1tedra en los cursos de Derecho Administrativo I y II en la Facultad de Ciencias Jur\u00eddicas y Sociales de la Universidad de San Carlos de Guatemala. 2001 Es Profesor Titular por oposici\u00f3n en la Facultad de Ciencias Jur\u00eddicas y Sociales de la Universidad de San Carlos de Guatemala, [&hellip;]<\/p>\n","protected":false},"author":2,"featured_media":0,"parent":0,"menu_order":0,"comment_status":"closed","ping_status":"closed","template":"","meta":{"footnotes":""},"class_list":["post-33","page","type-page","status-publish","hentry"],"_links":{"self":[{"href":"https:\/\/henryarriaga.com\/index.php?rest_route=\/wp\/v2\/pages\/33","targetHints":{"allow":["GET"]}}],"collection":[{"href":"https:\/\/henryarriaga.com\/index.php?rest_route=\/wp\/v2\/pages"}],"about":[{"href":"https:\/\/henryarriaga.com\/index.php?rest_route=\/wp\/v2\/types\/page"}],"author":[{"embeddable":true,"href":"https:\/\/henryarriaga.com\/index.php?rest_route=\/wp\/v2\/users\/2"}],"replies":[{"embeddable":true,"href":"https:\/\/henryarriaga.com\/index.php?rest_route=%2Fwp%2Fv2%2Fcomments&post=33"}],"version-history":[{"count":68,"href":"https:\/\/henryarriaga.com\/index.php?rest_route=\/wp\/v2\/pages\/33\/revisions"}],"predecessor-version":[{"id":1945,"href":"https:\/\/henryarriaga.com\/index.php?rest_route=\/wp\/v2\/pages\/33\/revisions\/1945"}],"wp:attachment":[{"href":"https:\/\/henryarriaga.com\/index.php?rest_route=%2Fwp%2Fv2%2Fmedia&parent=33"}],"curies":[{"name":"wp","href":"https:\/\/api.w.org\/{rel}","templated":true}]}}